{"id":2,"date":"2024-04-29T18:01:32","date_gmt":"2024-04-29T18:01:32","guid":{"rendered":"https:\/\/intechgenser.hu\/?page_id=2"},"modified":"2024-11-14T12:36:15","modified_gmt":"2024-11-14T12:36:15","slug":"ginop_plusz-1-2-3-21-2022-03124","status":"publish","type":"page","link":"https:\/\/intechgenser.hu\/en\/ginop_plusz-1-2-3-21-2022-03124\/","title":{"rendered":"GINOP_PLUSZ-1.2.3-21-2022-03124"},"content":{"rendered":"[et_pb_section fb_built=&#8221;1&#8243; theme_builder_area=&#8221;post_content&#8221; _builder_version=&#8221;4.26.0&#8243; _module_preset=&#8221;default&#8221;][\/et_pb_section][et_pb_section fb_built=&#8221;1&#8243; admin_label=&#8221;section&#8221; _builder_version=&#8221;4.26.0&#8243; hover_enabled=&#8221;0&#8243; global_colors_info=&#8221;{}&#8221; custom_margin_last_edited=&#8221;on|phone&#8221; custom_margin_phone=&#8221;10%||||false|false&#8221; sticky_enabled=&#8221;0&#8243; custom_padding=&#8221;200px||||false|false&#8221;][et_pb_row admin_label=&#8221;row&#8221; _builder_version=&#8221;4.26.0&#8243; background_size=&#8221;initial&#8221; background_position=&#8221;top_left&#8221; background_repeat=&#8221;repeat&#8221; hover_enabled=&#8221;0&#8243; global_colors_info=&#8221;{}&#8221; max_width=&#8221;80%&#8221; module_alignment=&#8221;center&#8221; sticky_enabled=&#8221;0&#8243;][et_pb_column type=&#8221;4_4&#8243; _builder_version=&#8221;4.16&#8243; custom_padding=&#8221;|||&#8221; global_colors_info=&#8221;{}&#8221; custom_padding__hover=&#8221;|||&#8221;][et_pb_text admin_label=&#8221;Text&#8221; _builder_version=&#8221;4.25.0&#8243; background_size=&#8221;initial&#8221; background_position=&#8221;top_left&#8221; background_repeat=&#8221;repeat&#8221; global_colors_info=&#8221;{}&#8221;]<div>\n<h1>Projekt<\/h1>\n<p class=\"translation-block\"><span style=\"font-family: Verdana\">Beneficiary name: <b>INTECHGENSER Industrial, Technological, General Contractor and Service Provider Limited Liability Company<\/b><br>Subject and purpose of the development: <b>Comprehensive development at INTECHGENSER Ltd.<\/b><br>Contracted support amount: <b>HUF 53,146,470<\/b><br>Detailed description of the project content:<\/span><\/p>\n<p><b><span style=\"font-family: Verdana;\"><p>The project owner\u2019s area of development activity: 7120 '08 Technical testing, analysis. The implemented investment elements enhance the efficiency of the activity being developed, which will enable the successful management of increased customer demand. The location of the project is the project owner\u2019s own registered site, located at 3553 Kistokaj, Pesti Road 6, with an area of 4150 m\u00b2. The property rights of the real estate involved in the development are in order. The project elements of the development are as follows:<\/p><\/span><\/b><\/p>\n<ul>\n<li><b><span style=\"font-family: Verdana;\">Acquisition of LX3015F-2000W Equipment<\/span><\/b><\/li>\n<li><b><span style=\"font-family: Verdana;\">Acquisition of Press Brake WE67K-160T2500 Equipment<\/span><\/b><\/li>\n<li><b><span style=\"font-family: Verdana;\">Installation of Sectional Industrial Doors<\/span><\/b><\/li>\n<li><b><span style=\"font-family: Verdana;\">Comprehensive Modernization of Heating, Cooling, and Domestic Hot Water Systems<\/span><\/b><\/li>\n<li><b><span style=\"font-family: Verdana;\">Installation of a Solar Panel System<\/span><\/b><\/li>\n<li><b><span style=\"font-family: Verdana;\">Property Renovation<\/span><\/b><\/li>\n<li><b><span style=\"font-family: Verdana;\">Installation of Vertical Insulation with Polystyrene Foam Boards<\/span><\/b><\/li>\n<li><b><span style=\"font-family: Verdana;\">Energy-efficient Modernization of Existing Indoor Lighting Systems<\/span><\/b><\/li>\n<li><b><span style=\"font-family: Verdana;\">Installation of Plastic Windows and Doors<\/span><\/b><\/li>\n<li class=\"translation-block\"><b><span style=\"font-family: Verdana\">Soft Skills Training<\/span><\/b><span style=\"font-family: Verdana\"><b>Leadership and Management Consulting<\/b><\/span><\/li>\n<\/ul>\n<\/div>\n<div>\n<ul><\/ul>\n<p class=\"translation-block\"><span style=\"font-family: Verdana\">Planned project completion date: <b>2024.03.01.<\/b><\/span><br>\n<span style=\"font-family: Verdana\">Project ID: <b>GINOP_PLUSZ-1.2.3-21-2022-03124<\/b><\/span><\/p>\n<\/div>\n<p><\/p>[\/et_pb_text][et_pb_image src=&#8221;https:\/\/intechgenser.hu\/wp-content\/uploads\/2024\/11\/RRF-kedvezm-nyezetti-inf-blokk-keretes-1.jpg&#8221; title_text=&#8221;RRF-kedvezm-nyezetti-inf-blokk-keretes-1&#8243; _builder_version=&#8221;4.26.0&#8243; _module_preset=&#8221;default&#8221; hover_enabled=&#8221;0&#8243; global_colors_info=&#8221;{}&#8221; sticky_enabled=&#8221;0&#8243;][\/et_pb_image][\/et_pb_column][\/et_pb_row][\/et_pb_section]<!-- \/wp:post-content -->","protected":false},"excerpt":{"rendered":"<p>Projekt a kedvezm\u00e9nyezett neve:\u00a0INTECHGENSER Ipari, Technol\u00f3giai, Gener\u00e1lkivitelez\u0151 \u00e9s Szolg\u00e1ltat\u00f3 Korl\u00e1tolt Felel\u0151ss\u00e9g\u0171 T\u00e1rsas\u00e1ga fejleszt\u00e9s t\u00e1rgya, c\u00e9lja:\u00a0Komplex fejleszt\u00e9s az INTECHGENSER Kft-ben\u00a0a szerz\u0151d\u00f6tt t\u00e1mogat\u00e1s \u00f6sszege:\u00a053.146.470,- Fta projekt tartalm\u00e1nak r\u00e9szletes bemutat\u00e1sa: A projektgazda fejlesztend\u0151 tev\u00e9kenys\u00e9ge: 7120 &#8217;08 M\u0171szaki vizsg\u00e1lat, elemz\u00e9s. A megval\u00f3s\u00edtott beruh\u00e1z\u00e1si elemek, a fejlesztend\u0151 tev\u00e9kenys\u00e9g v\u00e9gz\u00e9s\u00e9nek hat\u00e9konys\u00e1g\u00e1n emel, mellyel eredm\u00e9nyesen kezelhet\u0151v\u00e9 v\u00e1lik a megn\u00f6vekedett megrendel\u0151i ig\u00e9nyek hat\u00e9kony [&hellip;]<\/p>","protected":false},"author":1,"featured_media":0,"parent":0,"menu_order":0,"comment_status":"closed","ping_status":"closed","template":"","meta":{"_et_pb_use_builder":"on","_et_pb_old_content":"<!-- wp:paragraph -->\n<p>This is an example page. It's different from a blog post because it will stay in one place and will show up in your site navigation (in most themes). Most people start with an About page that introduces them to potential site visitors. It might say something like this:<\/p>\n<!-- \/wp:paragraph -->\n\n<!-- wp:quote -->\n<blockquote class=\"wp-block-quote\"><p>Hi there! I'm a bike messenger by day, aspiring actor by night, and this is my website. I live in Los Angeles, have a great dog named Jack, and I like pi&#241;a coladas. (And gettin' caught in the rain.)<\/p><\/blockquote>\n<!-- \/wp:quote -->\n\n<!-- wp:paragraph -->\n<p>...or something like this:<\/p>\n<!-- \/wp:paragraph -->\n\n<!-- wp:quote -->\n<blockquote class=\"wp-block-quote\"><p>The XYZ Doohickey Company was founded in 1971, and has been providing quality doohickeys to the public ever since. Located in Gotham City, XYZ employs over 2,000 people and does all kinds of awesome things for the Gotham community.<\/p><\/blockquote>\n<!-- \/wp:quote -->\n\n<!-- wp:paragraph -->\n<p>As a new WordPress user, you should go to <a href=\"https:\/\/intechgenser.hu\/wp-admin\/\">your dashboard<\/a> to delete this page and create new pages for your content. Have fun!<\/p>\n<!-- \/wp:paragraph -->","_et_gb_content_width":"","footnotes":""},"class_list":["post-2","page","type-page","status-publish","hentry"],"_links":{"self":[{"href":"https:\/\/intechgenser.hu\/en\/wp-json\/wp\/v2\/pages\/2","targetHints":{"allow":["GET"]}}],"collection":[{"href":"https:\/\/intechgenser.hu\/en\/wp-json\/wp\/v2\/pages"}],"about":[{"href":"https:\/\/intechgenser.hu\/en\/wp-json\/wp\/v2\/types\/page"}],"author":[{"embeddable":true,"href":"https:\/\/intechgenser.hu\/en\/wp-json\/wp\/v2\/users\/1"}],"replies":[{"embeddable":true,"href":"https:\/\/intechgenser.hu\/en\/wp-json\/wp\/v2\/comments?post=2"}],"version-history":[{"count":12,"href":"https:\/\/intechgenser.hu\/en\/wp-json\/wp\/v2\/pages\/2\/revisions"}],"predecessor-version":[{"id":4701,"href":"https:\/\/intechgenser.hu\/en\/wp-json\/wp\/v2\/pages\/2\/revisions\/4701"}],"wp:attachment":[{"href":"https:\/\/intechgenser.hu\/en\/wp-json\/wp\/v2\/media?parent=2"}],"curies":[{"name":"wp","href":"https:\/\/api.w.org\/{rel}","templated":true}]}}