{"id":4763,"date":"2025-03-26T15:15:11","date_gmt":"2025-03-26T15:15:11","guid":{"rendered":"https:\/\/intechgenser.hu\/?page_id=4763"},"modified":"2025-03-27T08:09:56","modified_gmt":"2025-03-27T08:09:56","slug":"referenciak","status":"publish","type":"page","link":"https:\/\/intechgenser.hu\/en\/referenciak\/","title":{"rendered":"References"},"content":{"rendered":"<p>[et_pb_section fb_built=&#8221;1&#8243; _builder_version=&#8221;4.25.0&#8243; _module_preset=&#8221;default&#8221; global_colors_info=&#8221;{}&#8221;][et_pb_row _builder_version=&#8221;4.27.4&#8243; _module_preset=&#8221;default&#8221; global_colors_info=&#8221;{}&#8221;][et_pb_column type=&#8221;4_4&#8243; _builder_version=&#8221;4.27.4&#8243; _module_preset=&#8221;default&#8221; global_colors_info=&#8221;{}&#8221;][et_pb_heading title=&#8221;Referenci\u00e1k&#8221; _builder_version=&#8221;4.27.4&#8243; _module_preset=&#8221;default&#8221; title_text_align=&#8221;center&#8221; global_colors_info=&#8221;{}&#8221;][\/et_pb_heading][\/et_pb_column][\/et_pb_row][et_pb_row _builder_version=&#8221;4.27.4&#8243; _module_preset=&#8221;default&#8221; column_structure=&#8221;1_5,1_5,1_5,1_5,1_5&#8243;][et_pb_column _builder_version=&#8221;4.27.4&#8243; _module_preset=&#8221;default&#8221; type=&#8221;1_5&#8243;][et_pb_image src=&#8221;https:\/\/intechgenser.hu\/wp-content\/uploads\/2025\/03\/Intechgenser_EN_2019_Page_5_Image_0005.jpg&#8221; _builder_version=&#8221;4.27.4&#8243; _module_preset=&#8221;default&#8221; title_text=&#8221;Intechgenser_EN_2019_Page_5_Image_0005&#8243; filter_saturate=&#8221;0%&#8221; hover_enabled=&#8221;0&#8243; sticky_enabled=&#8221;0&#8243; align=&#8221;center&#8221;][\/et_pb_image][\/et_pb_column][et_pb_column _builder_version=&#8221;4.27.4&#8243; _module_preset=&#8221;default&#8221; type=&#8221;1_5&#8243;][et_pb_image src=&#8221;https:\/\/intechgenser.hu\/wp-content\/uploads\/2025\/03\/Intechgenser_EN_2019_Page_5_Image_0006.jpg&#8221; _builder_version=&#8221;4.27.4&#8243; _module_preset=&#8221;default&#8221; title_text=&#8221;Intechgenser_EN_2019_Page_5_Image_0006&#8243; filter_saturate=&#8221;0%&#8221; hover_enabled=&#8221;0&#8243; sticky_enabled=&#8221;0&#8243; align=&#8221;center&#8221;][\/et_pb_image][\/et_pb_column][et_pb_column _builder_version=&#8221;4.27.4&#8243; _module_preset=&#8221;default&#8221; type=&#8221;1_5&#8243;][et_pb_image src=&#8221;https:\/\/intechgenser.hu\/wp-content\/uploads\/2025\/03\/Intechgenser_EN_2019_Page_5_Image_0007.jpg&#8221; _builder_version=&#8221;4.27.4&#8243; _module_preset=&#8221;default&#8221; title_text=&#8221;Intechgenser_EN_2019_Page_5_Image_0007&#8243; filter_saturate=&#8221;0%&#8221; hover_enabled=&#8221;0&#8243; sticky_enabled=&#8221;0&#8243; align=&#8221;center&#8221;][\/et_pb_image][\/et_pb_column][et_pb_column _builder_version=&#8221;4.27.4&#8243; _module_preset=&#8221;default&#8221; type=&#8221;1_5&#8243;][et_pb_image src=&#8221;https:\/\/intechgenser.hu\/wp-content\/uploads\/2025\/03\/Intechgenser_EN_2019_Page_5_Image_0008.jpg&#8221; _builder_version=&#8221;4.27.4&#8243; _module_preset=&#8221;default&#8221; title_text=&#8221;Intechgenser_EN_2019_Page_5_Image_0008&#8243; filter_saturate=&#8221;0%&#8221; hover_enabled=&#8221;0&#8243; sticky_enabled=&#8221;0&#8243; align=&#8221;center&#8221;][\/et_pb_image][\/et_pb_column][et_pb_column _builder_version=&#8221;4.27.4&#8243; _module_preset=&#8221;default&#8221; type=&#8221;1_5&#8243;][et_pb_image src=&#8221;https:\/\/intechgenser.hu\/wp-content\/uploads\/2025\/03\/Intechgenser_EN_2019_Page_5_Image_0009.jpg&#8221; _builder_version=&#8221;4.27.4&#8243; _module_preset=&#8221;default&#8221; title_text=&#8221;Intechgenser_EN_2019_Page_5_Image_0009&#8243; filter_saturate=&#8221;0%&#8221; hover_enabled=&#8221;0&#8243; sticky_enabled=&#8221;0&#8243; align=&#8221;center&#8221;][\/et_pb_image][\/et_pb_column][\/et_pb_row][et_pb_row _builder_version=&#8221;4.27.4&#8243; _module_preset=&#8221;default&#8221; column_structure=&#8221;1_5,1_5,1_5,1_5,1_5&#8243; custom_margin=&#8221;||10%||false|false&#8221; hover_enabled=&#8221;0&#8243; sticky_enabled=&#8221;0&#8243;][et_pb_column _builder_version=&#8221;4.27.4&#8243; _module_preset=&#8221;default&#8221; type=&#8221;1_5&#8243;][et_pb_image src=&#8221;https:\/\/intechgenser.hu\/wp-content\/uploads\/2025\/03\/Intechgenser_EN_2019_Page_5_Image_0010.jpg&#8221; _builder_version=&#8221;4.27.4&#8243; _module_preset=&#8221;default&#8221; title_text=&#8221;Intechgenser_EN_2019_Page_5_Image_0010&#8243; filter_saturate=&#8221;0%&#8221; hover_enabled=&#8221;0&#8243; sticky_enabled=&#8221;0&#8243; align=&#8221;center&#8221;][\/et_pb_image][\/et_pb_column][et_pb_column _builder_version=&#8221;4.27.4&#8243; _module_preset=&#8221;default&#8221; type=&#8221;1_5&#8243;][et_pb_image src=&#8221;https:\/\/intechgenser.hu\/wp-content\/uploads\/2025\/03\/Intechgenser_EN_2019_Page_5_Image_0002.jpg&#8221; _builder_version=&#8221;4.27.4&#8243; _module_preset=&#8221;default&#8221; title_text=&#8221;Intechgenser_EN_2019_Page_5_Image_0002&#8243; filter_saturate=&#8221;0%&#8221; hover_enabled=&#8221;0&#8243; sticky_enabled=&#8221;0&#8243; align=&#8221;center&#8221;][\/et_pb_image][\/et_pb_column][et_pb_column _builder_version=&#8221;4.27.4&#8243; _module_preset=&#8221;default&#8221; type=&#8221;1_5&#8243;][et_pb_image src=&#8221;https:\/\/intechgenser.hu\/wp-content\/uploads\/2025\/03\/Intechgenser_EN_2019_Page_5_Image_0003.jpg&#8221; _builder_version=&#8221;4.27.4&#8243; _module_preset=&#8221;default&#8221; title_text=&#8221;Intechgenser_EN_2019_Page_5_Image_0003&#8243; filter_saturate=&#8221;0%&#8221; hover_enabled=&#8221;0&#8243; sticky_enabled=&#8221;0&#8243; align=&#8221;center&#8221;][\/et_pb_image][\/et_pb_column][et_pb_column _builder_version=&#8221;4.27.4&#8243; _module_preset=&#8221;default&#8221; type=&#8221;1_5&#8243;][et_pb_image src=&#8221;https:\/\/intechgenser.hu\/wp-content\/uploads\/2025\/03\/Intechgenser_EN_2019_Page_5_Image_0004.jpg&#8221; _builder_version=&#8221;4.27.4&#8243; _module_preset=&#8221;default&#8221; title_text=&#8221;Intechgenser_EN_2019_Page_5_Image_0004&#8243; filter_saturate=&#8221;0%&#8221; hover_enabled=&#8221;0&#8243; sticky_enabled=&#8221;0&#8243; align=&#8221;center&#8221;][\/et_pb_image][\/et_pb_column][et_pb_column _builder_version=&#8221;4.27.4&#8243; _module_preset=&#8221;default&#8221; type=&#8221;1_5&#8243;][et_pb_image src=&#8221;https:\/\/intechgenser.hu\/wp-content\/uploads\/2025\/03\/Grundfos-Logo.png&#8221; _builder_version=&#8221;4.27.4&#8243; _module_preset=&#8221;default&#8221; title_text=&#8221;Grundfos-Logo&#8221; filter_saturate=&#8221;0%&#8221; hover_enabled=&#8221;0&#8243; sticky_enabled=&#8221;0&#8243; align=&#8221;center&#8221;][\/et_pb_image][\/et_pb_column][\/et_pb_row][\/et_pb_section][et_pb_section fb_built=&#8221;1&#8243; _builder_version=&#8221;4.16&#8243; background_color_gradient_direction=&#8221;90deg&#8221; custom_padding=&#8221;13px|0px|15px|0px|false|false&#8221; global_module=&#8221;4594&#8243; saved_tabs=&#8221;all&#8221; global_colors_info=&#8221;{}&#8221;][et_pb_row column_structure=&#8221;1_2,1_2&#8243; use_custom_gutter=&#8221;on&#8221; gutter_width=&#8221;1&#8243; make_equal=&#8221;on&#8221; padding_top_bottom_link_1=&#8221;true&#8221; padding_top_bottom_link_2=&#8221;true&#8221; module_id=&#8221;kapcsolat&#8221; module_class=&#8221; et_pb_row_fullwidth&#8221; _builder_version=&#8221;4.25.0&#8243; width=&#8221;100%&#8221; width_tablet=&#8221;100%&#8221; width_phone=&#8221;&#8221; width_last_edited=&#8221;on|desktop&#8221; max_width=&#8221;100%&#8221; max_width_tablet=&#8221;100%&#8221; max_width_phone=&#8221;&#8221; max_width_last_edited=&#8221;on|desktop&#8221; custom_margin=&#8221;-117px||&#8221; custom_padding=&#8221;0|0px|0|0px|true|false&#8221; make_fullwidth=&#8221;on&#8221; global_colors_info=&#8221;{}&#8221;][et_pb_column type=&#8221;1_2&#8243; _builder_version=&#8221;4.16&#8243; background_color=&#8221;#180b3a&#8221; custom_padding=&#8221;76px||76px|&#8221; global_colors_info=&#8221;{}&#8221; custom_padding__hover=&#8221;|||&#8221;][et_pb_text _builder_version=&#8221;4.27.4&#8243; text_font=&#8221;Poppins|300|||||||&#8221; text_text_color=&#8221;#ffffff&#8221; text_font_size=&#8221;30px&#8221; text_letter_spacing=&#8221;1px&#8221; header_font=&#8221;Poppins|800||on|||||&#8221; header_text_align=&#8221;center&#8221; header_text_color=&#8221;#ffffff&#8221; header_font_size=&#8221;20px&#8221; header_line_height=&#8221;1.3em&#8221; text_orientation=&#8221;center&#8221; custom_margin=&#8221;||&#8221; global_colors_info=&#8221;{}&#8221;]<\/p>\n<h1>Phone Contact<\/h1>\n<p>+36 70\u00a0408 0134<\/p>\n<p>[\/et_pb_text][\/et_pb_column][et_pb_column type=&#8221;1_2&#8243; _builder_version=&#8221;4.16&#8243; custom_padding=&#8221;76px||76px|&#8221; global_colors_info=&#8221;{}&#8221; custom_padding__hover=&#8221;|||&#8221;][\/et_pb_column][\/et_pb_row][\/et_pb_section][et_pb_section fb_built=&#8221;1&#8243; _builder_version=&#8221;4.25.0&#8243; background_color=&#8221;#27c63c&#8221; use_background_color_gradient=&#8221;on&#8221; background_color_gradient_stops=&#8221;rgba(39,198,60,0.68) 0%|#29c4a9 85%&#8221; background_color_gradient_overlays_image=&#8221;on&#8221; background_color_gradient_start=&#8221;rgba(39,198,60,0.68)&#8221; background_color_gradient_end_position=&#8221;85%&#8221; background_image=&#8221;https:\/\/intechgenser.hu\/wp-content\/uploads\/2024\/04\/phone-repair-photo-36.jpg&#8221; custom_margin=&#8221;-193px||&#8221; custom_padding=&#8221;194px|0px|65px|0px|false|false&#8221; global_module=&#8221;4593&#8243; global_colors_info=&#8221;{}&#8221;][et_pb_row _builder_version=&#8221;4.25.0&#8243; _module_preset=&#8221;default&#8221; background_color=&#8221;#180b3a&#8221; custom_padding=&#8221;50px|50px|50px|50px|true|true&#8221; global_colors_info=&#8221;{}&#8221;][et_pb_column type=&#8221;4_4&#8243; _builder_version=&#8221;4.25.0&#8243; _module_preset=&#8221;default&#8221; global_colors_info=&#8221;{}&#8221;][et_pb_contact_form email=&#8221;info@intechgenser.hu, blackfire6666@gmail.com&#8221; title=&#8221;\u00cdrjon Nek\u00fcnk!&#8221; custom_message=&#8221;Weboldalr\u00f3l \u00e9rkezett \u00fczenet:||et_pb_line_break_holder||\u00c9rdekl\u0151d\u0151 neve:||et_pb_line_break_holder||%%Name%%||et_pb_line_break_holder||\u00c9rdekl\u0151d\u0151 e-mail c\u00edme:||et_pb_line_break_holder||%%Email%%||et_pb_line_break_holder||\u00dczenet:||et_pb_line_break_holder||%%Message%%&#8221; success_message=&#8221;\u00dczenet sikeresen elk\u00fcldve&#8221; _builder_version=&#8221;4.25.0&#8243; _module_preset=&#8221;default&#8221; _unique_id=&#8221;8518612c-ba2d-40b0-89c2-c799a64b39d4&#8243; title_font=&#8221;Poppins|900||on|||||&#8221; title_text_align=&#8221;center&#8221; title_text_color=&#8221;#FFFFFF&#8221; title_font_size=&#8221;27px&#8221; captcha_text_color=&#8221;#FFFFFF&#8221; captcha_font_size=&#8221;19px&#8221; custom_button=&#8221;on&#8221; button_text_color=&#8221;#000000&#8243; button_bg_color=&#8221;#FFFFFF&#8221; button_font=&#8221;|||on|||||&#8221; global_colors_info=&#8221;{}&#8221; button_text_color__hover_enabled=&#8221;on|hover&#8221; button_text_color__hover=&#8221;#180b3a&#8221;][et_pb_contact_field field_id=&#8221;Name&#8221; field_title=&#8221;N\u00e9v&#8221; _builder_version=&#8221;4.25.0&#8243; global_colors_info=&#8221;{}&#8221; button_text_size__hover_enabled=&#8221;off&#8221; button_one_text_size__hover_enabled=&#8221;off&#8221; button_two_text_size__hover_enabled=&#8221;off&#8221; button_text_color__hover_enabled=&#8221;off&#8221; button_one_text_color__hover_enabled=&#8221;off&#8221; button_two_text_color__hover_enabled=&#8221;off&#8221; button_border_width__hover_enabled=&#8221;off&#8221; button_one_border_width__hover_enabled=&#8221;off&#8221; button_two_border_width__hover_enabled=&#8221;off&#8221; button_border_color__hover_enabled=&#8221;off&#8221; button_one_border_color__hover_enabled=&#8221;off&#8221; button_two_border_color__hover_enabled=&#8221;off&#8221; button_border_radius__hover_enabled=&#8221;off&#8221; button_one_border_radius__hover_enabled=&#8221;off&#8221; button_two_border_radius__hover_enabled=&#8221;off&#8221; button_letter_spacing__hover_enabled=&#8221;off&#8221; button_one_letter_spacing__hover_enabled=&#8221;off&#8221; button_two_letter_spacing__hover_enabled=&#8221;off&#8221; button_bg_color__hover_enabled=&#8221;off&#8221; button_one_bg_color__hover_enabled=&#8221;off&#8221; button_two_bg_color__hover_enabled=&#8221;off&#8221;][\/et_pb_contact_field][et_pb_contact_field field_id=&#8221;Email&#8221; field_title=&#8221;Email c\u00edm&#8221; field_type=&#8221;email&#8221; _builder_version=&#8221;4.25.0&#8243; global_colors_info=&#8221;{}&#8221; button_text_size__hover_enabled=&#8221;off&#8221; button_one_text_size__hover_enabled=&#8221;off&#8221; button_two_text_size__hover_enabled=&#8221;off&#8221; button_text_color__hover_enabled=&#8221;off&#8221; button_one_text_color__hover_enabled=&#8221;off&#8221; button_two_text_color__hover_enabled=&#8221;off&#8221; button_border_width__hover_enabled=&#8221;off&#8221; button_one_border_width__hover_enabled=&#8221;off&#8221; button_two_border_width__hover_enabled=&#8221;off&#8221; button_border_color__hover_enabled=&#8221;off&#8221; button_one_border_color__hover_enabled=&#8221;off&#8221; button_two_border_color__hover_enabled=&#8221;off&#8221; button_border_radius__hover_enabled=&#8221;off&#8221; button_one_border_radius__hover_enabled=&#8221;off&#8221; button_two_border_radius__hover_enabled=&#8221;off&#8221; button_letter_spacing__hover_enabled=&#8221;off&#8221; button_one_letter_spacing__hover_enabled=&#8221;off&#8221; button_two_letter_spacing__hover_enabled=&#8221;off&#8221; button_bg_color__hover_enabled=&#8221;off&#8221; button_one_bg_color__hover_enabled=&#8221;off&#8221; button_two_bg_color__hover_enabled=&#8221;off&#8221;][\/et_pb_contact_field][et_pb_contact_field field_id=&#8221;Message&#8221; field_title=&#8221;\u00dczenet&#8221; field_type=&#8221;text&#8221; fullwidth_field=&#8221;on&#8221; _builder_version=&#8221;4.25.0&#8243; global_colors_info=&#8221;{}&#8221; button_text_size__hover_enabled=&#8221;off&#8221; button_one_text_size__hover_enabled=&#8221;off&#8221; button_two_text_size__hover_enabled=&#8221;off&#8221; button_text_color__hover_enabled=&#8221;off&#8221; button_one_text_color__hover_enabled=&#8221;off&#8221; button_two_text_color__hover_enabled=&#8221;off&#8221; button_border_width__hover_enabled=&#8221;off&#8221; button_one_border_width__hover_enabled=&#8221;off&#8221; button_two_border_width__hover_enabled=&#8221;off&#8221; button_border_color__hover_enabled=&#8221;off&#8221; button_one_border_color__hover_enabled=&#8221;off&#8221; button_two_border_color__hover_enabled=&#8221;off&#8221; button_border_radius__hover_enabled=&#8221;off&#8221; button_one_border_radius__hover_enabled=&#8221;off&#8221; button_two_border_radius__hover_enabled=&#8221;off&#8221; button_letter_spacing__hover_enabled=&#8221;off&#8221; button_one_letter_spacing__hover_enabled=&#8221;off&#8221; button_two_letter_spacing__hover_enabled=&#8221;off&#8221; button_bg_color__hover_enabled=&#8221;off&#8221; button_one_bg_color__hover_enabled=&#8221;off&#8221; button_two_bg_color__hover_enabled=&#8221;off&#8221;][\/et_pb_contact_field][\/et_pb_contact_form][\/et_pb_column][\/et_pb_row][\/et_pb_section]<\/p>","protected":false},"excerpt":{"rendered":"<p>Telefonos el\u00e9rhet\u0151s\u00e9g +36 70\u00a0408 0134<\/p>","protected":false},"author":2,"featured_media":0,"parent":0,"menu_order":0,"comment_status":"closed","ping_status":"closed","template":"","meta":{"_et_pb_use_builder":"on","_et_pb_old_content":"","_et_gb_content_width":"","footnotes":""},"class_list":["post-4763","page","type-page","status-publish","hentry"],"_links":{"self":[{"href":"https:\/\/intechgenser.hu\/en\/wp-json\/wp\/v2\/pages\/4763","targetHints":{"allow":["GET"]}}],"collection":[{"href":"https:\/\/intechgenser.hu\/en\/wp-json\/wp\/v2\/pages"}],"about":[{"href":"https:\/\/intechgenser.hu\/en\/wp-json\/wp\/v2\/types\/page"}],"author":[{"embeddable":true,"href":"https:\/\/intechgenser.hu\/en\/wp-json\/wp\/v2\/users\/2"}],"replies":[{"embeddable":true,"href":"https:\/\/intechgenser.hu\/en\/wp-json\/wp\/v2\/comments?post=4763"}],"version-history":[{"count":4,"href":"https:\/\/intechgenser.hu\/en\/wp-json\/wp\/v2\/pages\/4763\/revisions"}],"predecessor-version":[{"id":4795,"href":"https:\/\/intechgenser.hu\/en\/wp-json\/wp\/v2\/pages\/4763\/revisions\/4795"}],"wp:attachment":[{"href":"https:\/\/intechgenser.hu\/en\/wp-json\/wp\/v2\/media?parent=4763"}],"curies":[{"name":"wp","href":"https:\/\/api.w.org\/{rel}","templated":true}]}}