{"id":4780,"date":"2025-03-26T15:17:21","date_gmt":"2025-03-26T15:17:21","guid":{"rendered":"https:\/\/intechgenser.hu\/?page_id=4780"},"modified":"2025-03-26T15:17:21","modified_gmt":"2025-03-26T15:17:21","slug":"geppark","status":"publish","type":"page","link":"https:\/\/intechgenser.hu\/en\/geppark\/","title":{"rendered":"Our Machinery"},"content":{"rendered":"<p>[et_pb_section fb_built=&#8221;1&#8243; _builder_version=&#8221;4.25.0&#8243; _module_preset=&#8221;default&#8221; global_colors_info=&#8221;{}&#8221; theme_builder_area=&#8221;post_content&#8221;][et_pb_row _builder_version=&#8221;4.27.4&#8243; _module_preset=&#8221;default&#8221; global_colors_info=&#8221;{}&#8221; theme_builder_area=&#8221;post_content&#8221;][et_pb_column type=&#8221;4_4&#8243; _builder_version=&#8221;4.27.4&#8243; _module_preset=&#8221;default&#8221; global_colors_info=&#8221;{}&#8221; theme_builder_area=&#8221;post_content&#8221;][et_pb_heading title=&#8221;G\u00e9ppark&#8221; _builder_version=&#8221;4.27.4&#8243; _module_preset=&#8221;default&#8221; title_text_align=&#8221;center&#8221; hover_enabled=&#8221;0&#8243; global_colors_info=&#8221;{}&#8221; theme_builder_area=&#8221;post_content&#8221; sticky_enabled=&#8221;0&#8243;][\/et_pb_heading][et_pb_text _builder_version=&#8221;4.27.4&#8243; _module_preset=&#8221;default&#8221; theme_builder_area=&#8221;post_content&#8221; hover_enabled=&#8221;0&#8243; sticky_enabled=&#8221;0&#8243;]<\/p>\n<div class=\"adn ads\" data-message-id=\"#msg-f:1827670012471612474\" data-legacy-message-id=\"195d30316401143a\">\n<div class=\"gs\">\n<div class=\"\">\n<div id=\":1e5\" class=\"ii gt\" jslog=\"20277; u014N:xr6bB; 1:WyIjdGhyZWFkLWY6MTgyNzY3MDAxMjQ3MTYxMjQ3NCJd; 4:WyIjbXNnLWY6MTgyNzY3MDAxMjQ3MTYxMjQ3NCIsbnVsbCxudWxsLG51bGwsMSwwLFsxLDAsMF0sMzAzLDIwNjUsbnVsbCxudWxsLG51bGwsbnVsbCxudWxsLDEsbnVsbCxudWxsLFswXSxudWxsLG51bGwsbnVsbCxudWxsLG51bGwsbnVsbCwwXQ..\">\n<div id=\":1e4\" class=\"a3s aiL\">\n<div dir=\"ltr\">\n<h3><strong>1.Temperature Simulation Chambers<\/strong><\/h3>\n<p>The purpose of temperature tests is to examine the behavior of components in extreme cold and hot environments.<\/p>\n<ul>\n<li>\n<p><strong>Thermal Shock Chambers<\/strong><\/p>\n<ul>\n<li>\n<p>120 L Thermal Shock Chamber (V\u00f6tsch) \u2013 2 units<\/p>\n<\/li>\n<li>\n<p>120 L Thermal Shock Chamber (CTS)<\/p>\n<\/li>\n<\/ul>\n<\/li>\n<li>\n<p><strong>Temperature Chambers<\/strong><\/p>\n<ul>\n<li>\n<p>180 L Temperature Chamber (Weiss): Cooling: 3\u00b0C\/min, Heating: 5\u00b0C\/min, -40\u00b0C \u2013 +180\u00b0C<\/p>\n<\/li>\n<li>\n<p>340 L Temperature Chamber (Weiss): Cooling: 3\u00b0C\/min, Heating: 5\u00b0C\/min, -40\u00b0C \u2013 +180\u00b0C<\/p>\n<\/li>\n<li>\n<p>800 L Temperature Chamber (Espec): Cooling: 2\u00b0C\/min, Heating: 6\u00b0C\/min, -70\u00b0C \u2013 +180\u00b0C<\/p>\n<\/li>\n<li>\n<p>1000 L Temperature Chamber (Espec): Maximum Temperature: +200\u00b0C<\/p>\n<\/li>\n<li>\n<p>600 L Temperature Chamber Mounted on Shaker (CTS): Cooling: 2.5\u00b0C\/min, Heating: 2.5\u00b0C\/min, -70\u00b0C \u2013 +180\u00b0C<\/p>\n<\/li>\n<\/ul>\n<\/li>\n<li>\n<p><strong>Liquid-to-Liquid Testing System<\/strong><\/p>\n<ul>\n<li>\n<p>2 \u00d7 8 L Liquid-to-Liquid Tester: Cooling: 23\u00b0C \u2192 0\u00b0C, Heating: 23\u00b0C \u2192 150\u00b0C<\/p>\n<\/li>\n<\/ul>\n<\/li>\n<\/ul>\n<hr \/>\n<h3><strong>2. Climate Simulation Chambers<\/strong><\/h3>\n<p>A kl\u00edmakamr\u00e1k a p\u00e1ratartalom \u00e9s a h\u0151m\u00e9rs\u00e9klet v\u00e1ltoz\u00e1s\u00e1nak egy\u00fcttes hat\u00e1s\u00e1t modellezik.<\/p>\n<ul>\n<li>\n<p class=\"translation-block\"><strong>180 L Climate Chamber (Weiss) \u2013 2 units<\/strong>: Cooling: 3\u00b0C\/min, Heating: 5\u00b0C\/min, -40\u00b0C \u2013 +180\u00b0C<\/p>\n<\/li>\n<li>\n<p class=\"translation-block\"><strong>1000 L Climate Chamber (V\u00f6tsch)<\/strong>: Cooling: 3\u00b0C\/min, Heating: Not available, -40\u00b0C \u2013 +180\u00b0C<\/p>\n<\/li>\n<li>\n<p class=\"translation-block\"><strong>1000 L Temperature Chamber Mounted on Shaker (CME)<\/strong>: Cooling: 5\u00b0C\/min, Heating: 6\u00b0C\/min, -70\u00b0C \u2013 +180\u00b0C<\/p>\n<\/li>\n<li>\n<p class=\"translation-block\"><strong>540 L Climate Chamber (CME)<\/strong>: Cooling: 5\u00b0C\/min, Heating: 6\u00b0C\/min, -70\u00b0C \u2013 +180\u00b0C<\/p>\n<\/li>\n<li>\n<p class=\"translation-block\"><strong>2000 L Climate Chamber (Angelantoni)<\/strong>: Cooling: 2.5\u00b0C\/min, Heating: 2.5\u00b0C\/min, -70\u00b0C \u2013 +180\u00b0C<\/p>\n<\/li>\n<li>\n<p class=\"translation-block\"><strong>178 L Climate Chamber (Angelantoni) \u2013 2 units<\/strong>: Cooling: 2.5\u00b0C\/min, Heating: 2.5\u00b0C\/min, -70\u00b0C \u2013 +180\u00b0C<\/p>\n<\/li>\n<li>\n<p class=\"translation-block\"><strong>250 L Climate Chamber (Tira)<\/strong>: Cooling: 6.6\u00b0C\/min, Heating: 11.5\u00b0C\/min, -70\u00b0C \u2013 +180\u00b0C<\/p>\n<\/li>\n<\/ul>\n<hr \/>\n<h3><strong>3. Corrosion Testing Equipment<\/strong><\/h3>\n<p>The purpose of corrosion tests is to examine the effects of salt and other corrosive factors on the surface of components.<\/p>\n<ul>\n<li>\n<p><strong>1000 L Cyclic Salt Spray and Climate Chamber (CME)<\/strong><\/p>\n<ul>\n<li>\n<p>Cooling: +25\u00b0C<\/p>\n<\/li>\n<li>\n<p>Heating: +70\u00b0C<\/p>\n<\/li>\n<\/ul>\n<\/li>\n<\/ul>\n<hr \/>\n<h3><strong>4. Vibration Testing Equipment<\/strong><\/h3>\n<p>Vibration tests assess the mechanical resistance and durability of components at various frequencies and accelerations.<\/p>\n<ul>\n<li>\n<p><strong>26.6 kN Shaker (LDS)<\/strong><\/p>\n<ul>\n<li>\n<p>Frequency Range: 5 Hz \u2013 3 kHz<\/p>\n<\/li>\n<li>\n<p>Maximum Acceleration: 120 g<\/p>\n<\/li>\n<li>\n<p>Vibration Amplitude: 25.4 mm p-p<\/p>\n<\/li>\n<\/ul>\n<\/li>\n<li>\n<p><strong>32 kN Shaker (LABTONE)<\/strong><\/p>\n<ul>\n<li>\n<p>Frequency Range: 5 Hz \u2013 3 kHz<\/p>\n<\/li>\n<li>\n<p>Maximum Acceleration: 100 g<\/p>\n<\/li>\n<li>\n<p>Vibration Amplitude: 51 mm p-p<\/p>\n<\/li>\n<\/ul>\n<\/li>\n<\/ul>\n<\/div>\n<div class=\"yj6qo\"><\/div>\n<div class=\"adL\"><\/div>\n<\/div>\n<\/div>\n<div class=\"WhmR8e\" data-hash=\"0\"><\/div>\n<\/div>\n<\/div>\n<div class=\"ajx\"><\/div>\n<\/div>\n<div class=\"gA gt acV\">\n<div class=\"gB xu\" jslog=\"184332; u014N:xr6bB;\">\n<div class=\"ip iq\"><\/div>\n<\/div>\n<\/div>\n<p>[\/et_pb_text][\/et_pb_column][\/et_pb_row][\/et_pb_section][et_pb_section fb_built=&#8221;1&#8243; _builder_version=&#8221;4.16&#8243; background_color_gradient_direction=&#8221;90deg&#8221; custom_padding=&#8221;13px|0px|15px|0px|false|false&#8221; global_module=&#8221;4594&#8243; saved_tabs=&#8221;all&#8221; global_colors_info=&#8221;{}&#8221; theme_builder_area=&#8221;post_content&#8221;][et_pb_row column_structure=&#8221;1_2,1_2&#8243; use_custom_gutter=&#8221;on&#8221; gutter_width=&#8221;1&#8243; make_equal=&#8221;on&#8221; padding_top_bottom_link_1=&#8221;true&#8221; padding_top_bottom_link_2=&#8221;true&#8221; module_id=&#8221;kapcsolat&#8221; module_class=&#8221; et_pb_row_fullwidth&#8221; _builder_version=&#8221;4.25.0&#8243; width=&#8221;100%&#8221; width_tablet=&#8221;100%&#8221; width_phone=&#8221;&#8221; width_last_edited=&#8221;on|desktop&#8221; max_width=&#8221;100%&#8221; max_width_tablet=&#8221;100%&#8221; max_width_phone=&#8221;&#8221; max_width_last_edited=&#8221;on|desktop&#8221; custom_margin=&#8221;-117px||&#8221; custom_padding=&#8221;0|0px|0|0px|true|false&#8221; make_fullwidth=&#8221;on&#8221; global_colors_info=&#8221;{}&#8221; theme_builder_area=&#8221;post_content&#8221;][et_pb_column type=&#8221;1_2&#8243; _builder_version=&#8221;4.16&#8243; background_color=&#8221;#180b3a&#8221; custom_padding=&#8221;76px||76px|&#8221; global_colors_info=&#8221;{}&#8221; custom_padding__hover=&#8221;|||&#8221; theme_builder_area=&#8221;post_content&#8221;][et_pb_text _builder_version=&#8221;4.27.4&#8243; text_font=&#8221;Poppins|300|||||||&#8221; text_text_color=&#8221;#ffffff&#8221; text_font_size=&#8221;30px&#8221; text_letter_spacing=&#8221;1px&#8221; header_font=&#8221;Poppins|800||on|||||&#8221; header_text_align=&#8221;center&#8221; header_text_color=&#8221;#ffffff&#8221; header_font_size=&#8221;20px&#8221; header_line_height=&#8221;1.3em&#8221; text_orientation=&#8221;center&#8221; custom_margin=&#8221;||&#8221; global_colors_info=&#8221;{}&#8221; theme_builder_area=&#8221;post_content&#8221;]<\/p>\n<h1>Phone Contact<\/h1>\n<p>+36 70\u00a0408 0134<\/p>\n<p>[\/et_pb_text][\/et_pb_column][et_pb_column type=&#8221;1_2&#8243; _builder_version=&#8221;4.16&#8243; custom_padding=&#8221;76px||76px|&#8221; global_colors_info=&#8221;{}&#8221; custom_padding__hover=&#8221;|||&#8221; theme_builder_area=&#8221;post_content&#8221;][\/et_pb_column][\/et_pb_row][\/et_pb_section][et_pb_section fb_built=&#8221;1&#8243; _builder_version=&#8221;4.25.0&#8243; background_color=&#8221;#27c63c&#8221; use_background_color_gradient=&#8221;on&#8221; background_color_gradient_stops=&#8221;rgba(39,198,60,0.68) 0%|#29c4a9 85%&#8221; background_color_gradient_overlays_image=&#8221;on&#8221; background_color_gradient_start=&#8221;rgba(39,198,60,0.68)&#8221; background_color_gradient_end_position=&#8221;85%&#8221; background_image=&#8221;https:\/\/intechgenser.hu\/wp-content\/uploads\/2024\/04\/phone-repair-photo-36.jpg&#8221; custom_margin=&#8221;-193px||&#8221; custom_padding=&#8221;194px|0px|65px|0px|false|false&#8221; global_module=&#8221;4593&#8243; global_colors_info=&#8221;{}&#8221; theme_builder_area=&#8221;post_content&#8221;][et_pb_row _builder_version=&#8221;4.25.0&#8243; _module_preset=&#8221;default&#8221; background_color=&#8221;#180b3a&#8221; custom_padding=&#8221;50px|50px|50px|50px|true|true&#8221; global_colors_info=&#8221;{}&#8221; theme_builder_area=&#8221;post_content&#8221;][et_pb_column type=&#8221;4_4&#8243; _builder_version=&#8221;4.25.0&#8243; _module_preset=&#8221;default&#8221; global_colors_info=&#8221;{}&#8221; theme_builder_area=&#8221;post_content&#8221;][et_pb_contact_form email=&#8221;info@intechgenser.hu, blackfire6666@gmail.com&#8221; title=&#8221;\u00cdrjon Nek\u00fcnk!&#8221; custom_message=&#8221;Weboldalr\u00f3l \u00e9rkezett \u00fczenet:||et_pb_line_break_holder||\u00c9rdekl\u0151d\u0151 neve:||et_pb_line_break_holder||%%Name%%||et_pb_line_break_holder||\u00c9rdekl\u0151d\u0151 e-mail c\u00edme:||et_pb_line_break_holder||%%Email%%||et_pb_line_break_holder||\u00dczenet:||et_pb_line_break_holder||%%Message%%&#8221; success_message=&#8221;\u00dczenet sikeresen elk\u00fcldve&#8221; _builder_version=&#8221;4.25.0&#8243; _module_preset=&#8221;default&#8221; _unique_id=&#8221;8518612c-ba2d-40b0-89c2-c799a64b39d4&#8243; title_font=&#8221;Poppins|900||on|||||&#8221; title_text_align=&#8221;center&#8221; title_text_color=&#8221;#FFFFFF&#8221; title_font_size=&#8221;27px&#8221; captcha_text_color=&#8221;#FFFFFF&#8221; captcha_font_size=&#8221;19px&#8221; custom_button=&#8221;on&#8221; button_text_color=&#8221;#000000&#8243; button_bg_color=&#8221;#FFFFFF&#8221; button_font=&#8221;|||on|||||&#8221; global_colors_info=&#8221;{}&#8221; button_text_color__hover_enabled=&#8221;on|hover&#8221; button_text_color__hover=&#8221;#180b3a&#8221; theme_builder_area=&#8221;post_content&#8221;][et_pb_contact_field field_id=&#8221;Name&#8221; field_title=&#8221;N\u00e9v&#8221; _builder_version=&#8221;4.25.0&#8243; global_colors_info=&#8221;{}&#8221; button_text_size__hover_enabled=&#8221;off&#8221; button_one_text_size__hover_enabled=&#8221;off&#8221; button_two_text_size__hover_enabled=&#8221;off&#8221; button_text_color__hover_enabled=&#8221;off&#8221; button_one_text_color__hover_enabled=&#8221;off&#8221; button_two_text_color__hover_enabled=&#8221;off&#8221; button_border_width__hover_enabled=&#8221;off&#8221; button_one_border_width__hover_enabled=&#8221;off&#8221; button_two_border_width__hover_enabled=&#8221;off&#8221; button_border_color__hover_enabled=&#8221;off&#8221; button_one_border_color__hover_enabled=&#8221;off&#8221; button_two_border_color__hover_enabled=&#8221;off&#8221; button_border_radius__hover_enabled=&#8221;off&#8221; button_one_border_radius__hover_enabled=&#8221;off&#8221; button_two_border_radius__hover_enabled=&#8221;off&#8221; button_letter_spacing__hover_enabled=&#8221;off&#8221; button_one_letter_spacing__hover_enabled=&#8221;off&#8221; button_two_letter_spacing__hover_enabled=&#8221;off&#8221; button_bg_color__hover_enabled=&#8221;off&#8221; button_one_bg_color__hover_enabled=&#8221;off&#8221; button_two_bg_color__hover_enabled=&#8221;off&#8221; theme_builder_area=&#8221;post_content&#8221;][\/et_pb_contact_field][et_pb_contact_field field_id=&#8221;Email&#8221; field_title=&#8221;Email c\u00edm&#8221; field_type=&#8221;email&#8221; _builder_version=&#8221;4.25.0&#8243; global_colors_info=&#8221;{}&#8221; button_text_size__hover_enabled=&#8221;off&#8221; button_one_text_size__hover_enabled=&#8221;off&#8221; button_two_text_size__hover_enabled=&#8221;off&#8221; button_text_color__hover_enabled=&#8221;off&#8221; button_one_text_color__hover_enabled=&#8221;off&#8221; button_two_text_color__hover_enabled=&#8221;off&#8221; button_border_width__hover_enabled=&#8221;off&#8221; button_one_border_width__hover_enabled=&#8221;off&#8221; button_two_border_width__hover_enabled=&#8221;off&#8221; button_border_color__hover_enabled=&#8221;off&#8221; button_one_border_color__hover_enabled=&#8221;off&#8221; button_two_border_color__hover_enabled=&#8221;off&#8221; button_border_radius__hover_enabled=&#8221;off&#8221; button_one_border_radius__hover_enabled=&#8221;off&#8221; button_two_border_radius__hover_enabled=&#8221;off&#8221; button_letter_spacing__hover_enabled=&#8221;off&#8221; button_one_letter_spacing__hover_enabled=&#8221;off&#8221; button_two_letter_spacing__hover_enabled=&#8221;off&#8221; button_bg_color__hover_enabled=&#8221;off&#8221; button_one_bg_color__hover_enabled=&#8221;off&#8221; button_two_bg_color__hover_enabled=&#8221;off&#8221; theme_builder_area=&#8221;post_content&#8221;][\/et_pb_contact_field][et_pb_contact_field field_id=&#8221;Message&#8221; field_title=&#8221;\u00dczenet&#8221; field_type=&#8221;text&#8221; fullwidth_field=&#8221;on&#8221; _builder_version=&#8221;4.25.0&#8243; global_colors_info=&#8221;{}&#8221; button_text_size__hover_enabled=&#8221;off&#8221; button_one_text_size__hover_enabled=&#8221;off&#8221; button_two_text_size__hover_enabled=&#8221;off&#8221; button_text_color__hover_enabled=&#8221;off&#8221; button_one_text_color__hover_enabled=&#8221;off&#8221; button_two_text_color__hover_enabled=&#8221;off&#8221; button_border_width__hover_enabled=&#8221;off&#8221; button_one_border_width__hover_enabled=&#8221;off&#8221; button_two_border_width__hover_enabled=&#8221;off&#8221; button_border_color__hover_enabled=&#8221;off&#8221; button_one_border_color__hover_enabled=&#8221;off&#8221; button_two_border_color__hover_enabled=&#8221;off&#8221; button_border_radius__hover_enabled=&#8221;off&#8221; button_one_border_radius__hover_enabled=&#8221;off&#8221; button_two_border_radius__hover_enabled=&#8221;off&#8221; button_letter_spacing__hover_enabled=&#8221;off&#8221; button_one_letter_spacing__hover_enabled=&#8221;off&#8221; button_two_letter_spacing__hover_enabled=&#8221;off&#8221; button_bg_color__hover_enabled=&#8221;off&#8221; button_one_bg_color__hover_enabled=&#8221;off&#8221; button_two_bg_color__hover_enabled=&#8221;off&#8221; theme_builder_area=&#8221;post_content&#8221;][\/et_pb_contact_field][\/et_pb_contact_form][\/et_pb_column][\/et_pb_row][\/et_pb_section]<\/p>","protected":false},"excerpt":{"rendered":"<p>1. H\u0151m\u00e9rs\u00e9klet szimul\u00e1ci\u00f3s kamr\u00e1k A h\u0151m\u00e9rs\u00e9kleti tesztek c\u00e9lja az alkatr\u00e9szek viselked\u00e9s\u00e9nek vizsg\u00e1lata sz\u00e9ls\u0151s\u00e9ges hideg \u00e9s meleg k\u00f6rnyezetben. Thermal Shock Kamr\u00e1k: 120 L Thermal Shock Kamra (V\u00f6tsch) \u2013 2 db 120 L Thermal Shock Kamra (CTS) H\u0151m\u00e9rs\u00e9kleti Kamr\u00e1k: 180 L H\u0151m\u00e9rs\u00e9klet Kamra (Weiss): H\u0171t\u00e9s: 3\u00b0C\/perc, F\u0171t\u00e9s: 5\u00b0C\/perc, -40\u00b0C \u2013 +180\u00b0C 340 L H\u0151m\u00e9rs\u00e9klet Kamra (Weiss): H\u0171t\u00e9s: [&hellip;]<\/p>","protected":false},"author":2,"featured_media":0,"parent":0,"menu_order":0,"comment_status":"closed","ping_status":"closed","template":"","meta":{"_et_pb_use_builder":"on","_et_pb_old_content":"","_et_gb_content_width":"","footnotes":""},"class_list":["post-4780","page","type-page","status-publish","hentry"],"_links":{"self":[{"href":"https:\/\/intechgenser.hu\/en\/wp-json\/wp\/v2\/pages\/4780","targetHints":{"allow":["GET"]}}],"collection":[{"href":"https:\/\/intechgenser.hu\/en\/wp-json\/wp\/v2\/pages"}],"about":[{"href":"https:\/\/intechgenser.hu\/en\/wp-json\/wp\/v2\/types\/page"}],"author":[{"embeddable":true,"href":"https:\/\/intechgenser.hu\/en\/wp-json\/wp\/v2\/users\/2"}],"replies":[{"embeddable":true,"href":"https:\/\/intechgenser.hu\/en\/wp-json\/wp\/v2\/comments?post=4780"}],"version-history":[{"count":2,"href":"https:\/\/intechgenser.hu\/en\/wp-json\/wp\/v2\/pages\/4780\/revisions"}],"predecessor-version":[{"id":4782,"href":"https:\/\/intechgenser.hu\/en\/wp-json\/wp\/v2\/pages\/4780\/revisions\/4782"}],"wp:attachment":[{"href":"https:\/\/intechgenser.hu\/en\/wp-json\/wp\/v2\/media?parent=4780"}],"curies":[{"name":"wp","href":"https:\/\/api.w.org\/{rel}","templated":true}]}}